{"id":14348,"date":"2020-03-27T11:11:45","date_gmt":"2020-03-27T10:11:45","guid":{"rendered":"https:\/\/www.aweoc.be\/aweoc.site\/?page_id=14348"},"modified":"2022-11-30T09:52:51","modified_gmt":"2022-11-30T08:52:51","slug":"que-faire-lors-de-la-vente-dun-animal","status":"publish","type":"page","link":"https:\/\/www.aweoc.be\/aweoc.site\/?page_id=14348","title":{"rendered":"Que faire lors de la vente d\u2019un animal ?"},"content":{"rendered":"\n<h2 class=\"has-text-color wp-block-heading\" style=\"color:#003366;font-size:18px\">Entre deux \u00e9leveurs affili\u00e9s au D\u00e9partement O-C d&rsquo;Elev\u00e9o<\/h2>\n\n\n\n<ol class=\"wp-block-list\"><li>Le&nbsp;vendeur transmet le document de mutation&nbsp;sign\u00e9 \u00e0 l\u2019acheteur.<br><br>Le talon de demande de mutation \u00ab\u00a0Elev\u00e9o\u00a0\u00bb n&rsquo;a pas \u00e9t\u00e9 sign\u00e9 par le vendeur ?<br>Un mail de ce dernier (dans lequel est repris le num\u00e9ro de boucle complet de l\u2019animal ainsi que les donn\u00e9es de l\u2019acheteur) sera \u00e9galement accept\u00e9.<br><br><\/li><li> Le vendeur mentionne la vente sur le document \u00ab Inventaire &amp; D\u00e9claration de luttes \u00bb ou d\u00e9clare la sortie de l\u2019animal via l\u2019application \u00ab\u00a0m.aweoc.be\u00a0\u00bb. <\/li><\/ol>\n\n\n\n<hr class=\"wp-block-separator has-text-color has-css-opacity has-background is-style-default\" style=\"background-color:#006400;color:#006400\"\/>\n\n\n\n<h5 class=\"has-text-color wp-block-heading\" style=\"color:#003366\">\u00c0 un \u00e9leveur non affili\u00e9 au D\u00e9partement O-C d&rsquo;Elev\u00e9o<\/h5>\n\n\n\n<p>Dans le cas o\u00f9 l&rsquo;acheteur souhaiterait enregistrer l&rsquo;animal dans une autre structure qu&rsquo;Elev\u00e9o, le Certificat Zootechnique Europ\u00e9en sera n\u00e9cessaire.<\/p>\n\n\n\n<p>L&rsquo;ancien propri\u00e9taire (\u00e9leveur dont le nom est mentionn\u00e9 sur le certificat) en fera alors la demande aupr\u00e8s de notre d\u00e9partement et celui-ci lui sera transmis.<\/p>\n\n\n\n<p> <\/p>\n","protected":false},"excerpt":{"rendered":"<p>Entre deux \u00e9leveurs affili\u00e9s au D\u00e9partement O-C d&rsquo;Elev\u00e9o Le&nbsp;vendeur transmet le document de mutation&nbsp;sign\u00e9 \u00e0 l\u2019acheteur. Le talon de demande de mutation \u00ab\u00a0Elev\u00e9o\u00a0\u00bb n&rsquo;a pas \u00e9t\u00e9 sign\u00e9 par le vendeur ?Un mail de ce dernier (dans lequel est repris le num\u00e9ro de boucle complet de l\u2019animal ainsi que les donn\u00e9es de l\u2019acheteur) sera \u00e9galement accept\u00e9. &hellip; <a href=\"https:\/\/www.aweoc.be\/aweoc.site\/?page_id=14348\" class=\"more-link\">Continuer la lecture de <span class=\"screen-reader-text\">Que faire lors de la vente d\u2019un animal ?<\/span> <span class=\"meta-nav\">&rarr;<\/span><\/a><\/p>\n","protected":false},"author":12,"featured_media":0,"parent":0,"menu_order":0,"comment_status":"closed","ping_status":"closed","template":"","meta":{"footnotes":""},"class_list":["post-14348","page","type-page","status-publish","hentry"],"_links":{"self":[{"href":"https:\/\/www.aweoc.be\/aweoc.site\/index.php?rest_route=\/wp\/v2\/pages\/14348","targetHints":{"allow":["GET"]}}],"collection":[{"href":"https:\/\/www.aweoc.be\/aweoc.site\/index.php?rest_route=\/wp\/v2\/pages"}],"about":[{"href":"https:\/\/www.aweoc.be\/aweoc.site\/index.php?rest_route=\/wp\/v2\/types\/page"}],"author":[{"embeddable":true,"href":"https:\/\/www.aweoc.be\/aweoc.site\/index.php?rest_route=\/wp\/v2\/users\/12"}],"replies":[{"embeddable":true,"href":"https:\/\/www.aweoc.be\/aweoc.site\/index.php?rest_route=%2Fwp%2Fv2%2Fcomments&post=14348"}],"version-history":[{"count":9,"href":"https:\/\/www.aweoc.be\/aweoc.site\/index.php?rest_route=\/wp\/v2\/pages\/14348\/revisions"}],"predecessor-version":[{"id":15408,"href":"https:\/\/www.aweoc.be\/aweoc.site\/index.php?rest_route=\/wp\/v2\/pages\/14348\/revisions\/15408"}],"wp:attachment":[{"href":"https:\/\/www.aweoc.be\/aweoc.site\/index.php?rest_route=%2Fwp%2Fv2%2Fmedia&parent=14348"}],"curies":[{"name":"wp","href":"https:\/\/api.w.org\/{rel}","templated":true}]}}