{"id":251,"date":"2011-05-06T15:53:37","date_gmt":"2011-05-06T13:53:37","guid":{"rendered":"http:\/\/localhost:81\/wordpress\/?page_id=251"},"modified":"2026-03-03T09:48:06","modified_gmt":"2026-03-03T08:48:06","slug":"commission-raciale-ovin-laitier","status":"publish","type":"page","link":"https:\/\/www.aweoc.be\/aweoc.site\/?page_id=251","title":{"rendered":"COMMISSION RACIALE OVIN LAITIER BELGE"},"content":{"rendered":"<p>La Commission Raciale \u00ab Laitier Belge \u00bb vous propose les informations suivantes :<br \/>\n<a href=\".\/wp-content\/uploads\/2011\/05\/Mouton-laitier-belge.jpg\"><img loading=\"lazy\" decoding=\"async\" class=\"alignright  wp-image-254\" title=\"Mouton laitier belge\" src=\".\/wp-content\/uploads\/2011\/05\/Mouton-laitier-belge-300x207.jpg\" alt=\"Mouton Laitier Belge\" width=\"225\" height=\"18\" \/><\/a><\/p>\n<ul>\n<li>Pr\u00e9sentation de la <a href=\"https:\/\/www.aweoc.be\/aweoc.site\/wp-content\/uploads\/2024\/08\/Folder-Laitier-Belge-.pdf\" target=\"_blank\" rel=\"noopener noreferrer\">race<\/a><\/li>\n<li>Son <a href=\"https:\/\/www.aweoc.be\/aweoc.site\/wp-content\/uploads\/2023\/06\/Laitier-Belge-Standard-race-2023-06.pdf\" target=\"_blank\" rel=\"noopener noreferrer\">standard de la race<\/a><\/li>\n<li>Son <a href=\"https:\/\/www.awenet.be\/awe\/commun\/asbl\/communication\/pds.php?espece=ovin&amp;race=LaitierBelge\" target=\"_blank\" rel=\"noopener\">programme de s\u00e9lection<\/a><\/li>\n<li>Son <a href=\"https:\/\/www.aweoc.be\/aweoc.site\/wp-content\/uploads\/2023\/06\/Ovin-Laitier-ROI-2023-06.pdf\" target=\"_blank\" rel=\"noopener noreferrer\">R\u00e8glement d&rsquo;Ordre Int\u00e9rieur<\/a><\/li>\n<li>Statut du Livre G\u00e9n\u00e9alogique de la race : Ouvert<\/li>\n<li>Les membres du Comit\u00e9 Directeur de l&rsquo;A.R.E.C.M.L.<br \/>\n&#8211; Association R\u00e9gionale des \u00c9leveurs de Ch\u00e8vres et Moutons Laitiers &#8211; :<\/li>\n<\/ul>\n<p style=\"text-align: center;\">Olivier VANWARBECK (Pr\u00e9sident)<br \/>\nAmandine ROUCHET (Secr\u00e9taire)<br \/>\nFabian BENOIT<br \/>\nJean-Pierre DEJARDIN<br \/>\nSamuel EGGEN<br \/>\nBenjamin MOUFFE<\/p>\n<ul>\n<li>La liste de ses juges &amp; experts :<\/li>\n<\/ul>\n<p style=\"text-align: center;\">Jean-Pierre DEJARDIN<\/p>\n","protected":false},"excerpt":{"rendered":"<p>La Commission Raciale \u00ab Laitier Belge \u00bb vous propose les informations suivantes : Pr\u00e9sentation de la race Son standard de la race Son programme de s\u00e9lection Son R\u00e8glement d&rsquo;Ordre Int\u00e9rieur Statut du Livre G\u00e9n\u00e9alogique de la race : Ouvert Les membres du Comit\u00e9 Directeur de l&rsquo;A.R.E.C.M.L. &#8211; Association R\u00e9gionale des \u00c9leveurs de Ch\u00e8vres et Moutons &hellip; <a href=\"https:\/\/www.aweoc.be\/aweoc.site\/?page_id=251\" class=\"more-link\">Continuer la lecture de <span class=\"screen-reader-text\">COMMISSION RACIALE OVIN LAITIER BELGE<\/span> <span class=\"meta-nav\">&rarr;<\/span><\/a><\/p>\n","protected":false},"author":1,"featured_media":0,"parent":169,"menu_order":1,"comment_status":"closed","ping_status":"closed","template":"onecolumn-page.php","meta":{"footnotes":""},"class_list":["post-251","page","type-page","status-publish","hentry"],"_links":{"self":[{"href":"https:\/\/www.aweoc.be\/aweoc.site\/index.php?rest_route=\/wp\/v2\/pages\/251","targetHints":{"allow":["GET"]}}],"collection":[{"href":"https:\/\/www.aweoc.be\/aweoc.site\/index.php?rest_route=\/wp\/v2\/pages"}],"about":[{"href":"https:\/\/www.aweoc.be\/aweoc.site\/index.php?rest_route=\/wp\/v2\/types\/page"}],"author":[{"embeddable":true,"href":"https:\/\/www.aweoc.be\/aweoc.site\/index.php?rest_route=\/wp\/v2\/users\/1"}],"replies":[{"embeddable":true,"href":"https:\/\/www.aweoc.be\/aweoc.site\/index.php?rest_route=%2Fwp%2Fv2%2Fcomments&post=251"}],"version-history":[{"count":22,"href":"https:\/\/www.aweoc.be\/aweoc.site\/index.php?rest_route=\/wp\/v2\/pages\/251\/revisions"}],"predecessor-version":[{"id":16342,"href":"https:\/\/www.aweoc.be\/aweoc.site\/index.php?rest_route=\/wp\/v2\/pages\/251\/revisions\/16342"}],"up":[{"embeddable":true,"href":"https:\/\/www.aweoc.be\/aweoc.site\/index.php?rest_route=\/wp\/v2\/pages\/169"}],"wp:attachment":[{"href":"https:\/\/www.aweoc.be\/aweoc.site\/index.php?rest_route=%2Fwp%2Fv2%2Fmedia&parent=251"}],"curies":[{"name":"wp","href":"https:\/\/api.w.org\/{rel}","templated":true}]}}