{"id":2772,"date":"2014-02-26T12:43:37","date_gmt":"2014-02-26T10:43:37","guid":{"rendered":"http:\/\/www.aweoc.be\/aweoc.site\/?page_id=2772"},"modified":"2025-11-28T15:42:37","modified_gmt":"2025-11-28T14:42:37","slug":"actualites","status":"publish","type":"page","link":"https:\/\/www.aweoc.be\/aweoc.site\/","title":{"rendered":"Communication"},"content":{"rendered":"<p style=\"text-align: center;\"><strong><a href=\"https:\/\/www.aweoc.be\/aweoc.site\/?page_id=6621\"><img loading=\"lazy\" decoding=\"async\" class=\"wp-image-16053 alignleft\" src=\"http:\/\/www.aweoc.be\/aweoc.site\/wp-content\/uploads\/2024\/08\/news-e1723468678336.jpg\" alt=\"\" width=\"89\" height=\"81\" \/><\/a><\/strong><strong><a href=\"https:\/\/www.aweoc.be\/aweoc.site\/?page_id=3392\"><img loading=\"lazy\" decoding=\"async\" class=\"wp-image-16054 alignright\" src=\"http:\/\/www.aweoc.be\/aweoc.site\/wp-content\/uploads\/2024\/08\/calendrier.jpg\" alt=\"\" width=\"102\" height=\"85\" \/><\/a>\u00a0<\/strong><\/p>\n<p style=\"text-align: center;\"><strong>Consultez \u00e9galement nos diff\u00e9rentes newsletters <\/strong><strong>&amp; <\/strong><strong>l&rsquo;agenda des\u00a0\u00e9v\u00e8nements \/ dates \u00e0 retenir<\/strong><\/p>\n\n\n<div style=\"height:41px\" aria-hidden=\"true\" class=\"wp-block-spacer\"><\/div>\n\n\n\n<hr class=\"wp-block-separator has-alpha-channel-opacity\"\/>\n\n\n<\/p>\n<h6 style=\"text-align: center;\"><strong><span style=\"color: #ff0000;\">Pour rappel :<\/span><\/strong><br \/><strong><span style=\"color: #ff0000;\">A partir du 1er juillet 2023, l&rsquo; <em>identification \u00e9lectronique<\/em>\u00a0 des ovins et caprins d&rsquo;\u00e9levage est obligatoire !<\/span><\/strong><\/h6>\n\n\n<hr class=\"wp-block-separator has-alpha-channel-opacity is-style-wide\"\/>\n\n\n<p style=\"text-align: center;\"><span style=\"color: #003366;\"><strong>N\u2019h\u00e9sitez pas \u00e0 tester l\u2019application d\u00e9di\u00e9e aux \u00e9leveurs \u00e0 l\u2019adresse suivante: <br \/><\/strong><\/span><span style=\"color: #003366;\"><strong><a href=\"https:\/\/www.paddoc.be\/index.php\/fr\/users\/login\" target=\"_blank\" rel=\"noopener noreferrer\">www.paddoc.be<\/a><\/strong><\/span><\/p>\n<p><span style=\"color: #003366;\"><strong><img loading=\"lazy\" decoding=\"async\" class=\"wp-image-15098 aligncenter\" src=\"http:\/\/www.aweoc.be\/aweoc.site\/wp-content\/uploads\/2022\/02\/Logo-Paddoc-2022-300x132.png\" alt=\"\" width=\"181\" height=\"80\" srcset=\"https:\/\/www.aweoc.be\/aweoc.site\/wp-content\/uploads\/2022\/02\/Logo-Paddoc-2022-300x132.png 300w, https:\/\/www.aweoc.be\/aweoc.site\/wp-content\/uploads\/2022\/02\/Logo-Paddoc-2022-1024x452.png 1024w, https:\/\/www.aweoc.be\/aweoc.site\/wp-content\/uploads\/2022\/02\/Logo-Paddoc-2022-768x339.png 768w, https:\/\/www.aweoc.be\/aweoc.site\/wp-content\/uploads\/2022\/02\/Logo-Paddoc-2022-1536x678.png 1536w, https:\/\/www.aweoc.be\/aweoc.site\/wp-content\/uploads\/2022\/02\/Logo-Paddoc-2022-2048x904.png 2048w, https:\/\/www.aweoc.be\/aweoc.site\/wp-content\/uploads\/2022\/02\/Logo-Paddoc-2022-604x270.png 604w\" sizes=\"auto, (max-width: 181px) 100vw, 181px\" \/><\/strong><\/span><\/p>\n<p style=\"text-align: center;\"><span style=\"color: #003366;\"><em>Pour plus d&rsquo;informations, cliquez <a href=\"https:\/\/www.aweoc.be\/aweoc.site\/?page_id=15041\">ici<\/a><\/em><\/span><\/p>\n\n\n<div style=\"height:20px\" aria-hidden=\"true\" class=\"wp-block-spacer\"><\/div>\n\n\n\n<p><\/p>\n\n\n\n<hr class=\"wp-block-separator has-text-color has-css-opacity has-background is-style-wide\" style=\"background-color:#006400;color:#006400\"\/>\n\n\n\n<div style=\"height:20px\" aria-hidden=\"true\" class=\"wp-block-spacer\"><\/div>\n\n\n<p><strong><span style=\"color: #003366;\"><img loading=\"lazy\" decoding=\"async\" class=\"alignleft\" src=\"http:\/\/www.aweoc.be\/aweoc.site\/wp-content\/uploads\/2023\/03\/Caprin_Vert.jpg\" width=\"91\" height=\"68\"><\/span><\/strong><\/p>\n<p><strong><span style=\"color: #003366;\">Afin de vous guider tout au long de la vie de vos b\u00eates, vous trouverez <br \/>ci-dessous un m\u00e9mento des points \u00e0 remplir \/ respecter en vue de l&rsquo;inscription de vos animaux :<\/span><\/strong><\/p>\n<p style=\"text-align: center;\"><strong><a href=\"#naissances\" data-rich-text-format-boundary=\"true\">Les naissances &#8230;<\/a><\/strong><br \/><strong><a href=\"#expertises\" data-rich-text-format-boundary=\"true\">Les expertises &#8230; avant la mise en luttes !<\/a><\/strong><br \/><strong><a href=\"#reproduction\">La reproduction<\/a><\/strong><\/p>\n\n\n<div style=\"height:20px\" aria-hidden=\"true\" class=\"wp-block-spacer\"><\/div>\n\n\n\n<hr class=\"wp-block-separator has-text-color has-css-opacity has-background is-style-wide\" style=\"background-color:#006400;color:#006400\"\/>\n\n\n\n<div style=\"height:20px\" aria-hidden=\"true\" class=\"wp-block-spacer\"><\/div>\n\n\n\n<h2 class=\"wp-block-heading has-text-align-center\" id=\"naissances\">Les naissances &#8230;<\/h2>\n\n\n<div class=\"wp-block-image\">\n<figure class=\"alignright is-resized\"><img decoding=\"async\" src=\"http:\/\/www.aweoc.be\/aweoc.site\/wp-content\/uploads\/2020\/05\/Brebis-et-ses-2-jeunes-scaled.jpg\" alt=\"\" style=\"width:277px;height:182px\"\/><\/figure>\n<\/div>\n\n<p>Comme chaque ann\u00e9e, vous avez la possibilit\u00e9 d&rsquo;attribuer un nom \u00e0 vos jeunes : <br \/>veuillez noter que la lettre par laquelle doivent commencer les noms des agneaux et agnelles est la lettre <strong>F<\/strong>.<br data-rich-text-line-break=\"true\" \/>Pour les chevreaux et chevrettes, il s&rsquo;agit de la lettre <b>J<\/b><em>.<br \/>[Concerne les jeunes n\u00e9s entre le 1\/09\/25 et 31\/08\/26]<\/em><\/p>\n\n\n<h5 class=\"wp-block-heading has-text-color\" id=\"delai-d-envoi-d-encodage-de-la-declaration-de-naissances\" style=\"color:#730800\"> &#x26a0;&#xfe0f; &nbsp; D\u00e9lai d&rsquo;envoi \/ d&rsquo;encodage de la d\u00e9claration de naissances<\/h5>\n\n\n<p>N\u2019oubliez pas de rentrer au secr\u00e9tariat votre d\u00e9claration de naissances d\u00fbment compl\u00e9t\u00e9e \/ encoder les mises-bas via l&rsquo;application, <strong data-rich-text-format-boundary=\"true\">d\u00e8s la fin des agnelages ou tous les 3 mois si les agnelages sont \u00e9tal\u00e9s sur l\u2019ann\u00e9e.<\/strong><\/p>\n<p>Les d\u00e9clarations de naissances rentr\u00e9es en dehors des d\u00e9lais pr\u00e9vus ci-dessus conduiront \u00e0 des contr\u00f4les de filiation orient\u00e9s sur les agneaux\/chevreaux mentionn\u00e9s sur cette d\u00e9claration et dont l\u2019inscription est demand\u00e9e, et ce \u00e0 charge de l\u2019\u00e9leveur.<br data-rich-text-line-break=\"true\">[cfr. article 7.2 du R\u00e8glement d\u2019Enregistrement des G\u00e9n\u00e9alogies Ovines et Caprines]<\/p>\n\n\n<h5 class=\"wp-block-heading has-text-color\" id=\"cas-particuliers\" style=\"color:#730800\"> Cas particuliers<\/h5>\n\n\n<p><strong data-rich-text-format-boundary=\"true\">&#x26a0;&#xfe0f;<\/strong> Les agneaux\/agnelles de la race <strong>ARDENNAIS ROUX<\/strong> doivent \u00eatre <strong>obligatoirement pr\u00e9-expertis\u00e9s<em> avant l&rsquo;\u00e2ge de 3 mois<\/em> !<\/strong><br data-rich-text-line-break=\"true\">Les jeunes de la race <strong>ZWARTBLES<\/strong> doivent \u00eatre <strong>expertis\u00e9s <em>avant l&rsquo;\u00e2ge de 6 mois<\/em> !<\/strong><br data-rich-text-line-break=\"true\">Pour cela, nous vous invitons \u00e0 prendre contact avec l&rsquo;agent de terrain de votre r\u00e9gion afin de fixer une date de rendez-vous.<\/p>\n\n\n<hr class=\"wp-block-separator has-text-color has-css-opacity has-background is-style-dots\" style=\"background-color:#006400;color:#006400\"\/>\n\n\n<p>Cette ann\u00e9e encore, pensez au <span style=\"color: #333399;\"><strong>programme de pes\u00e9es<\/strong><\/span> !<\/p>\n<p>Envie d&rsquo;en savoir plus ? Consultez sans attendre la <a href=\"http:\/\/www.aweoc.be\/aweoc.site\/wp-content\/uploads\/2020\/03\/2020.03-Aw\u00e9oc-News-RECTIFIE.pdf\" target=\"_blank\" rel=\"noreferrer noopener\">News<\/a> (de mars 2020) ainsi que la <a href=\"http:\/\/www.aweoc.be\/aweoc.site\/wp-content\/uploads\/2020\/05\/Pes\u00e9es-Elev\u00e9o.pdf\" target=\"_blank\" rel=\"noreferrer noopener\">feuille de pes\u00e9es<\/a> pour de plus amples informations !<\/p>\n\n\n<div style=\"height:20px\" aria-hidden=\"true\" class=\"wp-block-spacer\"><\/div>\n\n\n\n<hr class=\"wp-block-separator has-text-color has-css-opacity has-background is-style-wide\" style=\"background-color:#006400;color:#006400\"\/>\n\n\n\n<div style=\"height:20px\" aria-hidden=\"true\" class=\"wp-block-spacer\"><\/div>\n\n\n\n<h2 class=\"wp-block-heading has-text-align-center\" id=\"expertises\">En pr\u00e9vision des luttes \u00e0 venir &#8230;<\/h2>\n\n\n<p><a href=\"http:\/\/www.aweoc.be\/aweoc.site\/wp-content\/uploads\/2020\/05\/expertises.jpg\"><img loading=\"lazy\" decoding=\"async\" class=\"alignright size-medium wp-image-14513\" src=\"http:\/\/www.aweoc.be\/aweoc.site\/wp-content\/uploads\/2020\/05\/expertises-300x200.jpg\" alt=\"\" width=\"300\" height=\"200\" srcset=\"https:\/\/www.aweoc.be\/aweoc.site\/wp-content\/uploads\/2020\/05\/expertises-300x200.jpg 300w, https:\/\/www.aweoc.be\/aweoc.site\/wp-content\/uploads\/2020\/05\/expertises-1024x682.jpg 1024w, https:\/\/www.aweoc.be\/aweoc.site\/wp-content\/uploads\/2020\/05\/expertises-768x512.jpg 768w, https:\/\/www.aweoc.be\/aweoc.site\/wp-content\/uploads\/2020\/05\/expertises.jpg 1049w\" sizes=\"auto, (max-width: 300px) 100vw, 300px\" \/><\/a><\/p>\n<p>Le D\u00e9partement Ovin-Caprin vous fait parvenir (par mail ou courrier) le formulaire de <strong>demande d\u2019expertises<\/strong> \u00e0 compl\u00e9ter.<\/p>\n<p>A titre d\u2019information, pour les <em>races de bergerie<\/em>, une tourn\u00e9e d\u2019expertises est pr\u00e9vue au mois de juin&nbsp;; pour les <em>races d\u2019herbage, les moutons Swifter et les caprins<\/em>, les expertises se tiendront dans le courant du mois d\u2019ao\u00fbt-septembre.<\/p>\n<p>Pour qu\u2019un animal puisse \u00eatre admis pour la reproduction, celui-ci doit \u00eatre pr\u00e9sent\u00e9 \u00e0 l\u2019agent de terrain \/ expert racial !<\/p>\n<p>Lors de son passage, il s\u2019agira de :<\/p>\n<ul>\n<li>pr\u00e9senter les jeunes de l\u2019ann\u00e9e si vous souhaitez les mettre \u00e0 la lutte d\u00e8s leur premi\u00e8re ann\u00e9e&nbsp;;<\/li>\n<li>pr\u00e9senter les antenais et antenaises (m\u00e2les et femelles \u00e2g\u00e9s d\u2019au moins 16 mois) pour l\u2019expertise de race et\/ou la cotation lin\u00e9aire, suivant la d\u00e9cision de la Commission Raciale \u00e0 laquelle vous \u00eates membre (cette expertise a lieu m\u00eame si l\u2019animal a \u00e9t\u00e9 vu la premi\u00e8re ann\u00e9e) ;<\/li>\n<li>pr\u00e9lever tous les m\u00e2les qui seront utilis\u00e9s pour la reproduction.<\/li>\n<\/ul>\n\n\n<h5 class=\"wp-block-heading has-text-color\" id=\"cas-particuliers\" style=\"color:#730800\"> Cas particuliers <\/h5>\n\n\n<ul>\n<li><strong>Suffolk<\/strong> :<br data-rich-text-line-break=\"true\">N\u2019oubliez pas que les animaux import\u00e9s de l\u2019\u00e9tranger (y compris depuis la Flandre) doivent \u00e9galement \u00eatre expertis\u00e9s&nbsp;!<\/li>\n<li><strong>Soay :<\/strong><br \/>Seul l&rsquo;expertise des m\u00e2les est obligatoire.<\/li>\n<\/ul>\n\n\n<div style=\"height:20px\" aria-hidden=\"true\" class=\"wp-block-spacer\"><\/div>\n\n\n\n<hr class=\"wp-block-separator has-text-color has-css-opacity has-background is-style-wide\" style=\"background-color:#006400;color:#006400\"\/>\n\n\n\n<div style=\"height:20px\" aria-hidden=\"true\" class=\"wp-block-spacer\"><\/div>\n\n\n\n<h2 class=\"wp-block-heading has-text-align-center\" id=\"reproduction\">La reproduction<\/h2>\n\n\n<div class=\"wp-block-image\">\n<figure class=\"alignright size-large is-resized\"><img loading=\"lazy\" decoding=\"async\" width=\"1024\" height=\"767\" src=\"http:\/\/www.aweoc.be\/aweoc.site\/wp-content\/uploads\/2020\/05\/Ardennais-1024x767.jpg\" alt=\"\" class=\"wp-image-14528\" style=\"width:268px;height:200px\" srcset=\"https:\/\/www.aweoc.be\/aweoc.site\/wp-content\/uploads\/2020\/05\/Ardennais-1024x767.jpg 1024w, https:\/\/www.aweoc.be\/aweoc.site\/wp-content\/uploads\/2020\/05\/Ardennais-300x225.jpg 300w, https:\/\/www.aweoc.be\/aweoc.site\/wp-content\/uploads\/2020\/05\/Ardennais-768x575.jpg 768w, https:\/\/www.aweoc.be\/aweoc.site\/wp-content\/uploads\/2020\/05\/Ardennais.jpg 1094w\" sizes=\"auto, (max-width: 1024px) 100vw, 1024px\" \/><\/figure>\n<\/div>\n\n<\/p>\n<p>En ao\u00fbt\/septembre, vous recevrez le document \u00ab\u00a0Liste Inventaire &amp; Plan des luttes\u00a0\u00bb.<\/p>\n<\/p>\n<p>A cette occasion, nous attirons votre attention sur les points suivants :<\/p>\n<ul>\n<li>Veillez \u00e0 tenir l\u2019inventaire \u00e0 jour <br \/>(s\u2019il manque des animaux, n\u2019h\u00e9sitez pas \u00e0 l\u2019ajouter \u00e0 la main sur le document et si ce n\u2019est d\u00e9j\u00e0 fait, nous transmettre vos demandes de mutation. Si vous y trouvez des animaux qui ne sont plus dans votre troupeau, biffez-les).<\/li>\n<li><span style=\"color: #993366;\">Si vous n\u2019avez pas re\u00e7u le plan de luttes ou qu\u2019un second exemplaire est n\u00e9cessaire au cours de l\u2019ann\u00e9e, manifestez-vous, il <strong>vous <\/strong>revient de nous le faire savoir afin que nous puissions y rem\u00e9dier.<\/span><\/li>\n<\/ul>\n\n\n<h5 class=\"wp-block-heading has-text-color\" id=\"delai-d-envoi-d-encodage-de-la-declaration-de-luttes\" style=\"color:#730800\"> &#x26a0;&#xfe0f; &nbsp; D\u00e9lai d&rsquo;envoi \/ d&rsquo;encodage de la d\u00e9claration de luttes<\/h5>\n\n\n<p>Les donn\u00e9es de luttes, saillies (&#8230;) doivent nous \u00eatre communiqu\u00e9es \/ encod\u00e9es via l\u2019application<strong> aussit\u00f4t les luttes termin\u00e9es ou tous les trimestres, si la p\u00e9riode de lutte s\u2019\u00e9tale sur une p\u00e9riode de plus de 3 mois.<\/strong><\/p>\n<p>En cas de d\u00e9claration de luttes \/ saillies rentr\u00e9e apr\u00e8s la naissance des jeunes, des analyses de filiation (\u00e0 charge de l\u2019\u00e9leveur) seront r\u00e9alis\u00e9s sur 4% des agneaux\/chevreaux concern\u00e9s (10 % en cas de r\u00e9cidive).<br \/>[cfr. article 7.2 du \u00ab R\u00e8glement d\u2019Enregistrement des G\u00e9n\u00e9alogies Ovines et Caprines \u00bb]<\/p>","protected":false},"excerpt":{"rendered":"<p>\u00a0 Consultez \u00e9galement nos diff\u00e9rentes newsletters &amp; l&rsquo;agenda des\u00a0\u00e9v\u00e8nements \/ dates \u00e0 retenir Pour rappel :A partir du 1er juillet 2023, l&rsquo; identification \u00e9lectronique\u00a0 des ovins et caprins d&rsquo;\u00e9levage est obligatoire ! N\u2019h\u00e9sitez pas \u00e0 tester l\u2019application d\u00e9di\u00e9e aux \u00e9leveurs \u00e0 l\u2019adresse suivante: www.paddoc.be Pour plus d&rsquo;informations, cliquez ici Afin de vous guider tout au &hellip; <a href=\"https:\/\/www.aweoc.be\/aweoc.site\/\" class=\"more-link\">Continuer la lecture de <span class=\"screen-reader-text\">Communication<\/span> <span class=\"meta-nav\">&rarr;<\/span><\/a><\/p>\n","protected":false},"author":11,"featured_media":16287,"parent":0,"menu_order":0,"comment_status":"closed","ping_status":"closed","template":"","meta":{"footnotes":""},"class_list":["post-2772","page","type-page","status-publish","has-post-thumbnail","hentry"],"_links":{"self":[{"href":"https:\/\/www.aweoc.be\/aweoc.site\/index.php?rest_route=\/wp\/v2\/pages\/2772","targetHints":{"allow":["GET"]}}],"collection":[{"href":"https:\/\/www.aweoc.be\/aweoc.site\/index.php?rest_route=\/wp\/v2\/pages"}],"about":[{"href":"https:\/\/www.aweoc.be\/aweoc.site\/index.php?rest_route=\/wp\/v2\/types\/page"}],"author":[{"embeddable":true,"href":"https:\/\/www.aweoc.be\/aweoc.site\/index.php?rest_route=\/wp\/v2\/users\/11"}],"replies":[{"embeddable":true,"href":"https:\/\/www.aweoc.be\/aweoc.site\/index.php?rest_route=%2Fwp%2Fv2%2Fcomments&post=2772"}],"version-history":[{"count":211,"href":"https:\/\/www.aweoc.be\/aweoc.site\/index.php?rest_route=\/wp\/v2\/pages\/2772\/revisions"}],"predecessor-version":[{"id":16284,"href":"https:\/\/www.aweoc.be\/aweoc.site\/index.php?rest_route=\/wp\/v2\/pages\/2772\/revisions\/16284"}],"wp:featuredmedia":[{"embeddable":true,"href":"https:\/\/www.aweoc.be\/aweoc.site\/index.php?rest_route=\/wp\/v2\/media\/16287"}],"wp:attachment":[{"href":"https:\/\/www.aweoc.be\/aweoc.site\/index.php?rest_route=%2Fwp%2Fv2%2Fmedia&parent=2772"}],"curies":[{"name":"wp","href":"https:\/\/api.w.org\/{rel}","templated":true}]}}