{"id":55,"date":"2011-04-20T13:18:48","date_gmt":"2011-04-20T13:18:48","guid":{"rendered":"http:\/\/localhost:81\/wordpress\/?page_id=55"},"modified":"2025-05-19T12:29:12","modified_gmt":"2025-05-19T11:29:12","slug":"contact","status":"publish","type":"page","link":"https:\/\/www.aweoc.be\/aweoc.site\/?page_id=55","title":{"rendered":"Contact"},"content":{"rendered":"\n<p><strong>Association Wallonne des \u00c9leveurs &#8211; Elev\u00e9o asbl &#8211; Service Ovin-Caprin :<\/strong><\/p>\n\n\n\n<p>Adresse :&nbsp;&nbsp;&nbsp; &nbsp;&nbsp; &nbsp;Rue des Champs Elys\u00e9es 4 <br>&nbsp; &nbsp; &nbsp; &nbsp; &nbsp; &nbsp; &nbsp; &nbsp; &nbsp; &nbsp; &nbsp; &nbsp; &nbsp; 5590 CINEY<br>T\u00e9l\u00e9phone :&nbsp; 083\/ 23 06 34<br>Fax :&nbsp; &nbsp; &nbsp; &nbsp; &nbsp; &nbsp; &nbsp; &nbsp; &nbsp;083\/ 23 06 76<br>E-mail :&nbsp; &nbsp; &nbsp; &nbsp; &nbsp; &nbsp;<a href=\"mailto:ovin.caprin@awegroupe.be\">ovin.caprin@awegroupe.be<\/a><\/p>\n\n\n\n<p>Horaire d&rsquo;ouverture : du lundi au vendredi de 8h30 \u00e0 12h00 <br>(nous travaillons \u00e0 bureau ferm\u00e9 l&rsquo;apr\u00e8s-midi)<\/p>\n\n\n\n<hr class=\"wp-block-separator has-alpha-channel-opacity is-style-wide\"\/>\n\n\n\n<p><\/p>\n\n\n\n<p>Employ\u00e9e Administrative : Mme St\u00e9phanie LIBERT &#8211; 083\/ 23&nbsp; 06 34&nbsp;&nbsp;&nbsp;<br>&nbsp; &nbsp; &nbsp; &nbsp; &nbsp; &nbsp; &nbsp; &nbsp; &nbsp; &nbsp; &nbsp; &nbsp; &nbsp; &nbsp; &nbsp; &nbsp; &nbsp; &nbsp; &nbsp; &nbsp; &nbsp; &nbsp; &nbsp; &nbsp; &nbsp; &nbsp; &nbsp; &nbsp; <a href=\"mailto:slibert@awegroupe.be\">slibert@awegroupe.be<\/a><\/p>\n\n\n\n<p>Pour le <a href=\"https:\/\/www.aweoc.be\/aweoc.site\/?page_id=14927\"><strong>Service Technico-Economique (STE)<\/strong><\/a>, contactez :<\/p>\n\n\n\n<ul class=\"wp-block-list\">\n<li>Mr Cyril R\u00c9GIBEAU<br>0494\/ 75 76 95 \u2013 083\/ 23.45.04<br><a href=\"mailto:cregibeau@awegroupe.be\">cregibeau@awegroupe.be<\/a><\/li>\n\n\n\n<li>Mr Pierre-Yves LORENZEN<br>0479\/ 65 04 33 \u2013 083\/ 23.06.21<br><a href=\"mailto:pylorenzen@awegroupe.be\">pylorenzen@awegroupe.be<\/a><\/li>\n<\/ul>\n\n\n\n<p><br>&nbsp; &nbsp;<\/p>\n","protected":false},"excerpt":{"rendered":"<p>Association Wallonne des \u00c9leveurs &#8211; Elev\u00e9o asbl &#8211; Service Ovin-Caprin : Adresse :&nbsp;&nbsp;&nbsp; &nbsp;&nbsp; &nbsp;Rue des Champs Elys\u00e9es 4 &nbsp; &nbsp; &nbsp; &nbsp; &nbsp; &nbsp; &nbsp; &nbsp; &nbsp; &nbsp; &nbsp; &nbsp; &nbsp; 5590 CINEYT\u00e9l\u00e9phone :&nbsp; 083\/ 23 06 34Fax :&nbsp; &nbsp; &nbsp; &nbsp; &nbsp; &nbsp; &nbsp; &nbsp; &nbsp;083\/ 23 06 76E-mail :&nbsp; &nbsp; &nbsp; &nbsp; &hellip; <a href=\"https:\/\/www.aweoc.be\/aweoc.site\/?page_id=55\" class=\"more-link\">Continuer la lecture de <span class=\"screen-reader-text\">Contact<\/span> <span class=\"meta-nav\">&rarr;<\/span><\/a><\/p>\n","protected":false},"author":1,"featured_media":0,"parent":0,"menu_order":0,"comment_status":"closed","ping_status":"closed","template":"","meta":{"footnotes":""},"class_list":["post-55","page","type-page","status-publish","hentry"],"_links":{"self":[{"href":"https:\/\/www.aweoc.be\/aweoc.site\/index.php?rest_route=\/wp\/v2\/pages\/55","targetHints":{"allow":["GET"]}}],"collection":[{"href":"https:\/\/www.aweoc.be\/aweoc.site\/index.php?rest_route=\/wp\/v2\/pages"}],"about":[{"href":"https:\/\/www.aweoc.be\/aweoc.site\/index.php?rest_route=\/wp\/v2\/types\/page"}],"author":[{"embeddable":true,"href":"https:\/\/www.aweoc.be\/aweoc.site\/index.php?rest_route=\/wp\/v2\/users\/1"}],"replies":[{"embeddable":true,"href":"https:\/\/www.aweoc.be\/aweoc.site\/index.php?rest_route=%2Fwp%2Fv2%2Fcomments&post=55"}],"version-history":[{"count":44,"href":"https:\/\/www.aweoc.be\/aweoc.site\/index.php?rest_route=\/wp\/v2\/pages\/55\/revisions"}],"predecessor-version":[{"id":16223,"href":"https:\/\/www.aweoc.be\/aweoc.site\/index.php?rest_route=\/wp\/v2\/pages\/55\/revisions\/16223"}],"wp:attachment":[{"href":"https:\/\/www.aweoc.be\/aweoc.site\/index.php?rest_route=%2Fwp%2Fv2%2Fmedia&parent=55"}],"curies":[{"name":"wp","href":"https:\/\/api.w.org\/{rel}","templated":true}]}}